{"id":16,"date":"2025-05-06T09:24:13","date_gmt":"2025-05-06T08:24:13","guid":{"rendered":"https:\/\/untererschbaum.at\/uebh\/?page_id=16"},"modified":"2026-04-09T13:40:10","modified_gmt":"2026-04-09T12:40:10","slug":"untererschbaumer-hof-2","status":"publish","type":"page","link":"https:\/\/untererschbaum.at\/uebh\/","title":{"rendered":"Home"},"content":{"rendered":"<div id=\"pl-16\"  class=\"panel-layout\" ><div id=\"pg-16-0\"  class=\"panel-grid panel-has-style\" ><div class=\"so-rounded panel-row-style panel-row-style-for-16-0\" ><div id=\"pgc-16-0-0\"  class=\"panel-grid-cell\" ><div id=\"panel-16-0-0-0\" class=\"so-panel widget widget_sow-image panel-first-child panel-last-child\" data-index=\"0\" ><div class=\"panel-widget-style panel-widget-style-for-16-0-0-0\" ><div\n\t\t\t\n\t\t\tclass=\"so-widget-sow-image so-widget-sow-image-default-a258e6bfa2d8-16\"\n\t\t\t\n\t\t>\n<div class=\"sow-image-container\">\n\t\t<img \n\tsrc=\"https:\/\/untererschbaum.at\/uebh\/wp-content\/uploads\/2025\/08\/0672025.jpg\" width=\"1024\" height=\"683\" srcset=\"https:\/\/untererschbaum.at\/uebh\/wp-content\/uploads\/2025\/08\/0672025.jpg 1024w, https:\/\/untererschbaum.at\/uebh\/wp-content\/uploads\/2025\/08\/0672025-300x200.jpg 300w, https:\/\/untererschbaum.at\/uebh\/wp-content\/uploads\/2025\/08\/0672025-768x512.jpg 768w, https:\/\/untererschbaum.at\/uebh\/wp-content\/uploads\/2025\/08\/0672025-272x182.jpg 272w\" sizes=\"(max-width: 1024px) 100vw, 1024px\" alt=\"Aussicht-Blumen\" \t\tclass=\"so-widget-image\"\/>\n\t<\/div>\n\n<\/div><\/div><\/div><\/div><div id=\"pgc-16-0-1\"  class=\"panel-grid-cell\" ><div id=\"panel-16-0-1-0\" class=\"so-panel widget widget_sow-editor panel-first-child panel-last-child\" data-index=\"1\" ><div class=\"so-rounded panel-widget-style panel-widget-style-for-16-0-1-0\" ><div\n\t\t\t\n\t\t\tclass=\"so-widget-sow-editor so-widget-sow-editor-base\"\n\t\t\t\n\t\t>\n<div class=\"siteorigin-widget-tinymce textwidget\">\n\t<h4 style=\"text-align: left;\" data-start=\"132\" data-end=\"478\"><span style=\"color: #ffffff;\">Raus aus dem Alltag \u2013 rein ins Naturerlebnis!<\/span><\/h4>\n<p class=\"\" data-start=\"132\" data-end=\"478\">Ob toben auf den Wiesen, Tiere hautnah erleben oder einfach mal durchatmen \u2013 unser Bauernhof ist der perfekte Ort f\u00fcr Familien, die gemeinsame Zeit in der Natur genie\u00dfen m\u00f6chten. Bei uns starten Wanderabenteuer direkt vor der Haust\u00fcr, warten spannende Erlebnisse auf kleine und gro\u00dfe Entdecker und bieten wir viel Freiraum zum Abschalten und Auftanken.<\/p>\n<p class=\"\" data-start=\"480\" data-end=\"563\">Egal ob Familienurlaub, Aktivtage oder Erholung pur \u2013 hier f\u00fchlt sich jeder wohl.<\/p>\n<p class=\"\" data-start=\"565\" data-end=\"636\">Kommen Sie vorbei und erleben Sie es selbst \u2013 wir freuen uns auf Sie!<\/p>\n<p data-start=\"565\" data-end=\"636\">Ihre Familie Auer<\/p>\n<p data-start=\"565\" data-end=\"636\"><img loading=\"lazy\" decoding=\"async\" class=\"alignright wp-image-422 size-medium\" src=\"https:\/\/untererschbaum.at\/uebh\/wp-content\/uploads\/2025\/05\/uebh_transparent_green-1-300x111.png\" alt=\"\" width=\"300\" height=\"111\" srcset=\"https:\/\/untererschbaum.at\/uebh\/wp-content\/uploads\/2025\/05\/uebh_transparent_green-1-300x111.png 300w, https:\/\/untererschbaum.at\/uebh\/wp-content\/uploads\/2025\/05\/uebh_transparent_green-1-1024x378.png 1024w, https:\/\/untererschbaum.at\/uebh\/wp-content\/uploads\/2025\/05\/uebh_transparent_green-1-768x284.png 768w, https:\/\/untererschbaum.at\/uebh\/wp-content\/uploads\/2025\/05\/uebh_transparent_green-1-1536x567.png 1536w, https:\/\/untererschbaum.at\/uebh\/wp-content\/uploads\/2025\/05\/uebh_transparent_green-1-2048x756.png 2048w, https:\/\/untererschbaum.at\/uebh\/wp-content\/uploads\/2025\/05\/uebh_transparent_green-1-1140x421.png 1140w\" sizes=\"auto, (max-width: 300px) 100vw, 300px\" \/><\/p>\n<\/div>\n<\/div><\/div><\/div><\/div><\/div><\/div><div id=\"pg-16-1\"  class=\"panel-grid panel-has-style\" ><div class=\"so-rounded panel-row-style panel-row-style-for-16-1\" ><div id=\"pgc-16-1-0\"  class=\"panel-grid-cell\" ><div id=\"panel-16-1-0-0\" class=\"so-panel widget widget_sow-editor panel-first-child\" data-index=\"2\" ><div\n\t\t\t\n\t\t\tclass=\"so-widget-sow-editor so-widget-sow-editor-base\"\n\t\t\t\n\t\t>\n<div class=\"siteorigin-widget-tinymce textwidget\">\n\t<hr \/>\n<\/div>\n<\/div><\/div><div id=\"panel-16-1-0-1\" class=\"so-panel widget widget_sow-headline\" data-index=\"3\" ><div\n\t\t\t\n\t\t\tclass=\"so-widget-sow-headline so-widget-sow-headline-default-bdd4db35e334-16 so-widget-fittext-wrapper\"\n\t\t\t data-fit-text-compressor=\"0.85\"\n\t\t><div class=\"sow-headline-container \">\n\t\t\t\t\t\t\t<h4 class=\"sow-headline\">\n\t\t\t\t\t\tWir bieten dir Erholung f\u00fcr Seele und Geist\t\t\t\t\t\t<\/h4>\n\t\t\t\t\t\t\t\t\t\t\t<div class=\"decoration\">\n\t\t\t\t\t\t<div class=\"decoration-inside\"><\/div>\n\t\t\t\t\t<\/div>\n\t\t\t\t\t<\/div>\n<\/div><\/div><div id=\"panel-16-1-0-2\" class=\"so-panel widget widget_sow-features\" data-index=\"4\" ><div class=\"panel-widget-style panel-widget-style-for-16-1-0-2\" ><div\n\t\t\t\n\t\t\tclass=\"so-widget-sow-features so-widget-sow-features-default-21cbaffaac40-16\"\n\t\t\t\n\t\t><ul\n\tclass=\"sow-features-list\n\tsow-features-responsive\">\n\n\t\t\t<li\n\t\t\tclass=\"sow-features-feature sow-icon-container-position-top\"\n\t\t\tstyle=\"display: flex; flex-direction: column; width: calc(33.333% - 25px);\"\n\t\t>\n\t\t\t\n\t\t\t\t\t\t<div\t\t\t\tclass=\"sow-icon-container sow-container-none\"\n\t\t\t\tstyle=\"color: #4a6d41; \"\n\t\t\t\t\n\t\t\t\t\t\t\t>\n\t\t\t\t\t\t\t\t\t\t<div class=\"sow-icon-image\" style=\"background-image: url(https:\/\/untererschbaum.at\/uebh\/wp-content\/uploads\/2025\/05\/cow.png); font-size: 24px\"><\/div>\n\t\t\t\t\t\t\t\t\t<\/div>\n\n\t\t\t<div class=\"textwidget\">\n\t\t\t\t\n\t\t\t\t\t\t\t\t\t<h5 class=\"sow-features-feature-title\">\n\t\t\t\t\t\tTiere hautnah\t\t\t\t\t<\/h5>\n\t\t\t\t\n\t\t\t\t\t\t\t\t\t<div class=\"sow-features-feature-text\">\n\t\t\t\t\t<p>Erleben Sie Ponys, Schweine, H\u00fchner,<br \/>\nHasen, Enten, Meerschweinchen, Katzen<br \/>\nund K\u00fche hautnah auf unserem Hof<\/p>\n\t\t\t\t\t<\/div>\n\t\t\t\t\t\t\t\t<\/div>\n\t\t\t\t\t\t\t\t<\/li>\n\n\t\t\t<li\n\t\t\tclass=\"sow-features-feature sow-icon-container-position-top\"\n\t\t\tstyle=\"display: flex; flex-direction: column; width: calc(33.333% - 25px);\"\n\t\t>\n\t\t\t\n\t\t\t\t\t\t<div\t\t\t\tclass=\"sow-icon-container sow-container-none\"\n\t\t\t\tstyle=\"color: #404040; \"\n\t\t\t\t\n\t\t\t\t\t\t\t>\n\t\t\t\t\t\t\t\t\t\t<div class=\"sow-icon-image\" style=\"background-image: url(https:\/\/untererschbaum.at\/uebh\/wp-content\/uploads\/2025\/05\/tea.png); font-size: 24px\"><\/div>\n\t\t\t\t\t\t\t\t\t<\/div>\n\n\t\t\t<div class=\"textwidget\">\n\t\t\t\t\n\t\t\t\t\t\t\t\t\t<h5 class=\"sow-features-feature-title\">\n\t\t\t\t\t\tKr\u00e4utergarten\t\t\t\t\t<\/h5>\n\t\t\t\t\n\t\t\t\t\t\t\t\t\t<div class=\"sow-features-feature-text\">\n\t\t\t\t\t<p>Schlendern Sie durch unseren<br \/>\nHof eigenen Kr\u00e4utergarten<\/p>\n\t\t\t\t\t<\/div>\n\t\t\t\t\t\t\t\t<\/div>\n\t\t\t\t\t\t\t\t<\/li>\n\n\t\t\t<li\n\t\t\tclass=\"sow-features-feature sow-icon-container-position-top\"\n\t\t\tstyle=\"display: flex; flex-direction: column; width: calc(33.333% - 25px);\"\n\t\t>\n\t\t\t\n\t\t\t\t\t\t<div\t\t\t\tclass=\"sow-icon-container sow-container-none\"\n\t\t\t\tstyle=\"color: #404040; \"\n\t\t\t\t\n\t\t\t\t\t\t\t>\n\t\t\t\t\t\t\t\t\t\t<div class=\"sow-icon-image\" style=\"background-image: url(https:\/\/untererschbaum.at\/uebh\/wp-content\/uploads\/2025\/05\/flag.png); font-size: 24px\"><\/div>\n\t\t\t\t\t\t\t\t\t<\/div>\n\n\t\t\t<div class=\"textwidget\">\n\t\t\t\t\n\t\t\t\t\t\t\t\t\t<h5 class=\"sow-features-feature-title\">\n\t\t\t\t\t\tAusgangspunkt\t\t\t\t\t<\/h5>\n\t\t\t\t\n\t\t\t\t\t\t\t\t\t<div class=\"sow-features-feature-text\">\n\t\t\t\t\t<p>Unser Hof ist der ideale Ausgangspunkt<br \/>\nf\u00fcr jegliche Art von Aktivit\u00e4t, egal ob<br \/>\nSommer oder Winter<\/p>\n\t\t\t\t\t<\/div>\n\t\t\t\t\t\t\t\t<\/div>\n\t\t\t\t\t\t\t\t<\/li>\n\n\t<\/ul>\n<\/div><\/div><\/div><div id=\"panel-16-1-0-3\" class=\"so-panel widget widget_sow-editor panel-last-child\" data-index=\"5\" ><div\n\t\t\t\n\t\t\tclass=\"so-widget-sow-editor so-widget-sow-editor-base\"\n\t\t\t\n\t\t>\n<div class=\"siteorigin-widget-tinymce textwidget\">\n\t<hr \/>\n<\/div>\n<\/div><\/div><\/div><\/div><\/div><div id=\"pg-16-2\"  class=\"panel-grid panel-has-style\" ><div class=\"so-rounded panel-row-style panel-row-style-for-16-2\" ><div id=\"pgc-16-2-0\"  class=\"panel-grid-cell\" ><div id=\"panel-16-2-0-0\" class=\"so-panel widget widget_sow-image panel-first-child panel-last-child\" data-index=\"6\" ><div\n\t\t\t\n\t\t\tclass=\"so-widget-sow-image so-widget-sow-image-default-334eeca80698-16\"\n\t\t\t\n\t\t>\n<div class=\"sow-image-container\">\n\t\t\t<a href=\"https:\/\/untererschbaum.at\/uebh\/index.php\/morgensonne\/\"\n\t\t\t\t\t>\n\t\t\t<img \n\tsrc=\"https:\/\/untererschbaum.at\/uebh\/wp-content\/uploads\/2025\/08\/0372025.jpg\" width=\"1024\" height=\"683\" srcset=\"https:\/\/untererschbaum.at\/uebh\/wp-content\/uploads\/2025\/08\/0372025.jpg 1024w, https:\/\/untererschbaum.at\/uebh\/wp-content\/uploads\/2025\/08\/0372025-300x200.jpg 300w, https:\/\/untererschbaum.at\/uebh\/wp-content\/uploads\/2025\/08\/0372025-768x512.jpg 768w, https:\/\/untererschbaum.at\/uebh\/wp-content\/uploads\/2025\/08\/0372025-272x182.jpg 272w\" sizes=\"(max-width: 1024px) 100vw, 1024px\" title=\"Morgensonne\" alt=\"\" \t\tclass=\"so-widget-image\"\/>\n\t\t\t<\/a><\/div>\n\n<\/div><\/div><\/div><div id=\"pgc-16-2-1\"  class=\"panel-grid-cell\" ><div id=\"panel-16-2-1-0\" class=\"so-panel widget widget_text panel-first-child panel-last-child\" data-index=\"7\" ><h3 class=\"widget-title\">MORGENSONNE<\/h3>\t\t\t<div class=\"textwidget\"><p>Unsere Wohnung Morgensonne bietet Platz f\u00fcr 2-5 Personen.<\/p>\n<p>Die Wohnung liegt im ersten Stock und hat einen Balkon mit sch\u00f6nem Blick aufs Lesachtal.<\/p>\n<p>Dar\u00fcber hinaus bietet die Wohnung folgendes:<\/p>\n<ul>\n<li>Doppelbett (KingSize)<\/li>\n<li>Stockbett<\/li>\n<li>Kachelofen<\/li>\n<li>Satelliten TV<\/li>\n<li>uvm.<\/li>\n<\/ul>\n<\/div>\n\t\t<\/div><\/div><\/div><\/div><div id=\"pg-16-3\"  class=\"panel-grid panel-no-style\" ><div id=\"pgc-16-3-0\"  class=\"panel-grid-cell\" ><div id=\"panel-16-3-0-0\" class=\"so-panel widget widget_sow-editor panel-first-child panel-last-child\" data-index=\"8\" ><div\n\t\t\t\n\t\t\tclass=\"so-widget-sow-editor so-widget-sow-editor-base\"\n\t\t\t\n\t\t>\n<div class=\"siteorigin-widget-tinymce textwidget\">\n\t<hr \/>\n<\/div>\n<\/div><\/div><\/div><\/div><div id=\"pg-16-4\"  class=\"panel-grid panel-has-style\" ><div class=\"so-rounded panel-row-style panel-row-style-for-16-4\" ><div id=\"pgc-16-4-0\"  class=\"panel-grid-cell\" ><div id=\"panel-16-4-0-0\" class=\"so-panel widget widget_text panel-first-child panel-last-child\" data-index=\"9\" ><h3 class=\"widget-title\">TERRASSENWOHNUNG<\/h3>\t\t\t<div class=\"textwidget\"><p>Unsere Terrassenwohnung bietet Platz f\u00fcr 2-5 Personen.<\/p>\n<p>Die Wohnung ist ebenerdig mit sch\u00f6ner Terrasse bzw. Liegewiese und Blick aufs Lesachtal.<\/p>\n<p>Dar\u00fcber hinaus bietet die Wohnung folgendes:<\/p>\n<ul>\n<li>Doppelbett (KingSize)<\/li>\n<li>2 Einzelbetten<\/li>\n<li>Kachelofen<\/li>\n<li>Satelliten TV<\/li>\n<li>uvm.<\/li>\n<\/ul>\n<\/div>\n\t\t<\/div><\/div><div id=\"pgc-16-4-1\"  class=\"panel-grid-cell\" ><div id=\"panel-16-4-1-0\" class=\"so-panel widget widget_sow-image panel-first-child panel-last-child\" data-index=\"10\" ><div\n\t\t\t\n\t\t\tclass=\"so-widget-sow-image so-widget-sow-image-default-334eeca80698-16\"\n\t\t\t\n\t\t>\n<div class=\"sow-image-container\">\n\t\t\t<a href=\"https:\/\/untererschbaum.at\/uebh\/index.php\/terrassenwohnung\/\"\n\t\t\t\t\t>\n\t\t\t<img \n\tsrc=\"https:\/\/untererschbaum.at\/uebh\/wp-content\/uploads\/2025\/08\/0102025.jpg\" width=\"1024\" height=\"683\" srcset=\"https:\/\/untererschbaum.at\/uebh\/wp-content\/uploads\/2025\/08\/0102025.jpg 1024w, https:\/\/untererschbaum.at\/uebh\/wp-content\/uploads\/2025\/08\/0102025-300x200.jpg 300w, https:\/\/untererschbaum.at\/uebh\/wp-content\/uploads\/2025\/08\/0102025-768x512.jpg 768w, https:\/\/untererschbaum.at\/uebh\/wp-content\/uploads\/2025\/08\/0102025-272x182.jpg 272w\" sizes=\"(max-width: 1024px) 100vw, 1024px\" title=\"Terrassenwohnung\" alt=\"\" \t\tclass=\"so-widget-image\"\/>\n\t\t\t<\/a><\/div>\n\n<\/div><\/div><\/div><\/div><\/div><div id=\"pg-16-5\"  class=\"panel-grid panel-has-style\" ><div class=\"panel-row-style panel-row-style-for-16-5\" ><div id=\"pgc-16-5-0\"  class=\"panel-grid-cell\" ><div id=\"panel-16-5-0-0\" class=\"so-panel widget widget_sow-editor panel-first-child panel-last-child\" data-index=\"11\" ><div\n\t\t\t\n\t\t\tclass=\"so-widget-sow-editor so-widget-sow-editor-base\"\n\t\t\t\n\t\t>\n<div class=\"siteorigin-widget-tinymce textwidget\">\n\t<p><center><\/center><center><span style=\"color: #ffffff;\">Mitglied bei<\/span><\/center><\/p>\n<\/div>\n<\/div><\/div><\/div><div id=\"pgc-16-5-1\"  class=\"panel-grid-cell\" ><div id=\"panel-16-5-1-0\" class=\"so-panel widget widget_sow-image panel-first-child panel-last-child\" data-index=\"12\" ><div class=\"panel-widget-style panel-widget-style-for-16-5-1-0\" ><div\n\t\t\t\n\t\t\tclass=\"so-widget-sow-image so-widget-sow-image-default-c43113e78d82-16\"\n\t\t\t\n\t\t>\n<div class=\"sow-image-container\">\n\t\t\t<a href=\"https:\/\/www.urlaubambauernhof.at\/de\/hoefe\/untererschbaum\"\n\t\t\ttarget=\"_blank\" rel=\"noopener noreferrer\" \t\t>\n\t\t\t<img \n\tsrc=\"https:\/\/untererschbaum.at\/uebh\/wp-content\/uploads\/2026\/04\/urlaubambauernhof-300x300.png\" width=\"170\" height=\"170\" srcset=\"https:\/\/untererschbaum.at\/uebh\/wp-content\/uploads\/2026\/04\/urlaubambauernhof-300x300.png 300w, https:\/\/untererschbaum.at\/uebh\/wp-content\/uploads\/2026\/04\/urlaubambauernhof-150x150.png 150w, https:\/\/untererschbaum.at\/uebh\/wp-content\/uploads\/2026\/04\/urlaubambauernhof-768x768.png 768w, https:\/\/untererschbaum.at\/uebh\/wp-content\/uploads\/2026\/04\/urlaubambauernhof-75x75.png 75w, https:\/\/untererschbaum.at\/uebh\/wp-content\/uploads\/2026\/04\/urlaubambauernhof.png 1024w\" sizes=\"(max-width: 170px) 100vw, 170px\" alt=\"Urlaub am Bauernhof\" \t\tclass=\"so-widget-image\"\/>\n\t\t\t<\/a><\/div>\n\n<\/div><\/div><\/div><\/div><div id=\"pgc-16-5-2\"  class=\"panel-grid-cell\" ><div id=\"panel-16-5-2-0\" class=\"so-panel widget widget_sow-editor panel-first-child panel-last-child\" data-index=\"13\" ><div\n\t\t\t\n\t\t\tclass=\"so-widget-sow-editor so-widget-sow-editor-base\"\n\t\t\t\n\t\t>\n<div class=\"siteorigin-widget-tinymce textwidget\">\n\t<p><span style=\"color: #ffffff;\">Anton Auer . Eggen 11 . 9943 Untertilliach . Ost Tirol . +43 (0)699 817 95 642<\/span><\/p>\n<\/div>\n<\/div><\/div><\/div><\/div><\/div><\/div>","protected":false},"excerpt":{"rendered":"<p>Raus aus dem Alltag \u2013 rein ins Naturerlebnis! Ob toben auf den Wiesen, Tiere hautnah erleben oder einfach mal durchatmen \u2013 unser Bauernhof ist der perfekte Ort f\u00fcr Familien, die gemeinsame Zeit in der Natur genie\u00dfen m\u00f6chten. Bei uns starten Wanderabenteuer direkt vor der Haust\u00fcr, warten spannende Erlebnisse auf kleine und gro\u00dfe Entdecker und bieten wir viel Freiraum zum Abschalten und Auftanken. Egal ob Familienurlaub, Aktivtage oder Erholung pur \u2013 hier f\u00fchlt sich jeder wohl. Kommen Sie vorbei und erleben Sie es selbst \u2013 wir freuen uns auf Sie! Ihre Familie Auer<\/p>\n","protected":false},"author":1,"featured_media":0,"parent":0,"menu_order":0,"comment_status":"closed","ping_status":"closed","template":"","meta":{"footnotes":""},"class_list":["post-16","page","type-page","status-publish","hentry"],"_links":{"self":[{"href":"https:\/\/untererschbaum.at\/uebh\/index.php\/wp-json\/wp\/v2\/pages\/16","targetHints":{"allow":["GET"]}}],"collection":[{"href":"https:\/\/untererschbaum.at\/uebh\/index.php\/wp-json\/wp\/v2\/pages"}],"about":[{"href":"https:\/\/untererschbaum.at\/uebh\/index.php\/wp-json\/wp\/v2\/types\/page"}],"author":[{"embeddable":true,"href":"https:\/\/untererschbaum.at\/uebh\/index.php\/wp-json\/wp\/v2\/users\/1"}],"replies":[{"embeddable":true,"href":"https:\/\/untererschbaum.at\/uebh\/index.php\/wp-json\/wp\/v2\/comments?post=16"}],"version-history":[{"count":255,"href":"https:\/\/untererschbaum.at\/uebh\/index.php\/wp-json\/wp\/v2\/pages\/16\/revisions"}],"predecessor-version":[{"id":1051,"href":"https:\/\/untererschbaum.at\/uebh\/index.php\/wp-json\/wp\/v2\/pages\/16\/revisions\/1051"}],"wp:attachment":[{"href":"https:\/\/untererschbaum.at\/uebh\/index.php\/wp-json\/wp\/v2\/media?parent=16"}],"curies":[{"name":"wp","href":"https:\/\/api.w.org\/{rel}","templated":true}]}}